{"id":82,"date":"2017-10-22T19:53:21","date_gmt":"2017-10-22T17:53:21","guid":{"rendered":"http:\/\/fabienne-weber.be\/?page_id=82"},"modified":"2022-12-22T23:43:49","modified_gmt":"2022-12-22T22:43:49","slug":"soin-energetique-metatronique","status":"publish","type":"page","link":"https:\/\/fabienne-weber.be\/index.php\/soins\/soin-energetique-metatronique\/","title":{"rendered":"Soin \u00e9nerg\u00e9tique M\u00e9tatronique"},"content":{"rendered":"<p style=\"text-align: center;\"><img decoding=\"async\" loading=\"lazy\" class=\"size-full wp-image-919 aligncenter\" src=\"https:\/\/fabienne-weber.be\/wp-content\/uploads\/2019\/05\/slide05.jpg\" alt=\"\" width=\"1024\" height=\"454\" srcset=\"https:\/\/fabienne-weber.be\/wp-content\/uploads\/2019\/05\/slide05.jpg 1024w, https:\/\/fabienne-weber.be\/wp-content\/uploads\/2019\/05\/slide05-300x133.jpg 300w, https:\/\/fabienne-weber.be\/wp-content\/uploads\/2019\/05\/slide05-768x341.jpg 768w\" sizes=\"(max-width: 1024px) 100vw, 1024px\" \/><\/p>\n<p style=\"text-align: center;\">SOIN \u00c9NERG\u00c9TIQUE M\u00c9TATRONIQUE<\/p>\n<p>&nbsp;<\/p>\n<p style=\"text-align: center;\"><strong>Retrouver son Essence<\/strong><\/p>\n<p>&nbsp;<\/p>\n<p>Ce soin \u00e9nerg\u00e9tique a pour effet un r\u00e9\u00e9quilibrage global de la personne tant dans ses aspects physique, psychique que spirituel. Il nous aide \u00e0 retrouver notre v\u00e9ritable Essence et \u00e0 passer au travers tous ces changements vibratoires actuels dans lesquels nous sommes bien souvent secou\u00e9s. Active l&rsquo;<strong>ADN<\/strong> spirituel<\/p>\n<p>Il agit en profondeur jusqu\u2019au c\u0153ur de nos cellules, il nettoie et r\u00e9\u00e9quilibre nos corps \u00e9nerg\u00e9tiques, nos m\u00e9ridiens, nos chakras, notre gabarit magn\u00e9tique, notre glande pin\u00e9ale et les 13 couches de notre <strong>ADN.<\/strong><\/p>\n<p>Ce soin permet \u00e0 celui qui le re\u00e7oit de se r\u00e9aligner avec sa Pr\u00e9sence <strong>\u00ab Je Suis \u00bb<\/strong>.<\/p>\n<p>Il est int\u00e9gr\u00e9 sur une p\u00e9riode de 3 mois, temps n\u00e9cessaire pour les informations re\u00e7ues durant ce soin.<br \/>\nVous pouvez recevoir d\u2019autres soins durant cette p\u00e9riode.<\/p>\n<p><span style=\"color: #993300;\"><strong>S\u00e9ances \u00b11h10 prix 80 \u20ac<\/strong><\/span><\/p>\n<p>&nbsp;<\/p>\n","protected":false},"excerpt":{"rendered":"<p>SOIN \u00c9NERG\u00c9TIQUE M\u00c9TATRONIQUE &nbsp; Retrouver son Essence &nbsp; Ce soin \u00e9nerg\u00e9tique a pour effet un r\u00e9\u00e9quilibrage global de la personne tant dans ses aspects physique, psychique que spirituel. Il nous aide \u00e0 retrouver notre v\u00e9ritable Essence et \u00e0 passer au &hellip; <a href=\"https:\/\/fabienne-weber.be\/index.php\/soins\/soin-energetique-metatronique\/\">Lire la suite\u00ad\u00ad<\/a><\/p>\n","protected":false},"author":1,"featured_media":0,"parent":74,"menu_order":0,"comment_status":"closed","ping_status":"closed","template":"","meta":{"kt_blocks_editor_width":""},"_links":{"self":[{"href":"https:\/\/fabienne-weber.be\/index.php\/wp-json\/wp\/v2\/pages\/82"}],"collection":[{"href":"https:\/\/fabienne-weber.be\/index.php\/wp-json\/wp\/v2\/pages"}],"about":[{"href":"https:\/\/fabienne-weber.be\/index.php\/wp-json\/wp\/v2\/types\/page"}],"author":[{"embeddable":true,"href":"https:\/\/fabienne-weber.be\/index.php\/wp-json\/wp\/v2\/users\/1"}],"replies":[{"embeddable":true,"href":"https:\/\/fabienne-weber.be\/index.php\/wp-json\/wp\/v2\/comments?post=82"}],"version-history":[{"count":44,"href":"https:\/\/fabienne-weber.be\/index.php\/wp-json\/wp\/v2\/pages\/82\/revisions"}],"predecessor-version":[{"id":1560,"href":"https:\/\/fabienne-weber.be\/index.php\/wp-json\/wp\/v2\/pages\/82\/revisions\/1560"}],"up":[{"embeddable":true,"href":"https:\/\/fabienne-weber.be\/index.php\/wp-json\/wp\/v2\/pages\/74"}],"wp:attachment":[{"href":"https:\/\/fabienne-weber.be\/index.php\/wp-json\/wp\/v2\/media?parent=82"}],"curies":[{"name":"wp","href":"https:\/\/api.w.org\/{rel}","templated":true}]}}