{"id":76,"date":"2017-10-22T19:52:29","date_gmt":"2017-10-22T17:52:29","guid":{"rendered":"http:\/\/fabienne-weber.be\/?page_id=76"},"modified":"2022-12-29T22:00:11","modified_gmt":"2022-12-29T21:00:11","slug":"formations","status":"publish","type":"page","link":"https:\/\/fabienne-weber.be\/index.php\/formations\/","title":{"rendered":"Formations"},"content":{"rendered":"<p style=\"text-align: center;\"><img decoding=\"async\" loading=\"lazy\" class=\"wp-image-1670 size-full aligncenter\" src=\"https:\/\/fabienne-weber.be\/wp-content\/uploads\/2022\/12\/slideFormHA-1024x454-1.jpg\" alt=\"\" width=\"1024\" height=\"454\" srcset=\"https:\/\/fabienne-weber.be\/wp-content\/uploads\/2022\/12\/slideFormHA-1024x454-1.jpg 1024w, https:\/\/fabienne-weber.be\/wp-content\/uploads\/2022\/12\/slideFormHA-1024x454-1-300x133.jpg 300w, https:\/\/fabienne-weber.be\/wp-content\/uploads\/2022\/12\/slideFormHA-1024x454-1-768x341.jpg 768w\" sizes=\"(max-width: 1024px) 100vw, 1024px\" \/><\/p>\n<p style=\"text-align: center;\">FORMATIONS<\/p>\n<p>&nbsp;<\/p>\n<p><span style=\"color: #800000;\"><strong>PROGRAMMES ET OBJECTIFS DES FORMATIONS<\/strong><\/span><\/p>\n<p>La <strong>lib\u00e9ration du p\u00e9ricarde <\/strong>ne demande pas de pr\u00e9-requis mais je vous recommande de recevoir au moins un soin de Lib\u00e9ration du P\u00e9ricarde avant la formation pour ressentir la puissance de celui-ci.<\/p>\n<p>La <strong>lib\u00e9ration du p\u00e9ricarde sur les chevaux<\/strong> sera anim\u00e9e par Fabienne Weber et Claire Daliers.<\/p>\n<p>&nbsp;<\/p>\n<p style=\"text-align: center;\"><a href=\"http:\/\/fabienne-weber.be\/index.php\/les-dernieres-nouvelles\/\">=&gt; AGENDA des formations, conf\u00e9rences, \u00e9v\u00e9nements<\/a><\/p>\n<p>&nbsp;<\/p>\n<p>&nbsp;<\/p>\n<hr \/>\n<p style=\"text-align: center;\"><span style=\"color: #800000;\">Lib\u00e9ration du P\u00e9ricarde<\/span><\/p>\n<hr \/>\n<p>&nbsp;<\/p>\n<h2><span style=\"color: #800000;\"><strong><u>1. Lib\u00e9ration du P\u00e9ricarde Humain<\/u><\/strong><strong> par Fabienne Weber<\/strong><\/span><\/h2>\n<p><span style=\"color: #333333;\"><strong>Pour cette formation aucun pr\u00e9 requis n\u2019est demand\u00e9, elle s\u2019adresse aux praticiens et aux personnes d\u00e9sireuses de se reconnecter avec le c\u0153ur. Je vous recommande de recevoir un soin de Lib\u00e9ration du P\u00e9ricarde avant la formation pour ressentir la puissance de celui-ci.<\/strong><\/span><\/p>\n<p><span style=\"color: #333333;\"><strong>Apr\u00e8s cette formation vous serez capable de donner un soin.<\/strong><\/span><\/p>\n<p><span style=\"color: #800000;\"><strong>OBJECTIFS DE LA FORMATION<\/strong><\/span><\/p>\n<ul>\n<li><span style=\"color: #333333;\">Apprendre une <strong>m\u00e9thode de soins magnifique en 5 jours<\/strong><\/span><\/li>\n<li><span style=\"color: #333333;\">R\u00e9apprendre \u00e0 <strong>sentir La vie<\/strong>, La respecter et L\u2019accompagner dans sa lib\u00e9ration. La reconna\u00eetre en nous et en tous les Etres vivants.<\/span><\/li>\n<li><span style=\"color: #333333;\"><strong>Se familiariser<\/strong> par le toucher, <strong>\u00e0 la danse de La Vie<\/strong>, et aux param\u00e8tres qui la caract\u00e9risent: direction, amplitude, rythme et ordre.<\/span><\/li>\n<li><span style=\"color: #333333;\"><strong>Lib\u00e9rer le P\u00e9ricarde<\/strong> comme porte d\u2019entr\u00e9e principale des \u00e9motions et le lieu de rencontre sp\u00e9cifique entre le Corps, l\u2019\u00c2me et l\u2019Esprit. Le lib\u00e9rer avec nos mains, notre pr\u00e9sence, nos mots et avec l\u2019\u00e9nergie de notre C\u0153ur. Nous verrons comment d\u00e9nouer les blocages et permettre \u00e0 nouveau \u00e0 l\u2019\u00e9nergie vitale de circuler librement.<\/span><\/li>\n<li><span style=\"color: #333333;\"><strong>Apprendre <\/strong>\u00e0 avoir<strong> un bon ancrage<\/strong> et \u00e0 nous <strong>prot\u00e9ger<\/strong>. Il est important de ne pas prendre les probl\u00e8mes \u00e9nerg\u00e9tiques des autres ni de transmettre les n\u00f4tres.<\/span><\/li>\n<li><span style=\"color: #333333;\"><strong>Option cadeau<\/strong> apr\u00e8s la formation, je vous propose faire l&rsquo;exp\u00e9rience d&rsquo;un soin complet en situation r\u00e9aliste, je vous <strong>\u00ab\u00a0coacherai\u00a0\u00bb.\u00a0<\/strong>Vous pourrez ainsi travailler personnellement sur le patient de votre choix, que vous conduirez ou inviterez dans mon cabinet \u00e0 Uccle.<\/span><\/li>\n<\/ul>\n<h4><span style=\"color: #800000;\"><strong><u>Approfondissement<\/u><\/strong><\/span><\/h4>\n<p><span style=\"color: #800000;\"><strong>OBJECTIFS DE LA FORMATION <span style=\"color: #333333;\">&#8211;<\/span>\u00a0<span style=\"color: #333333;\"> 2 JOURS<\/span><\/strong><\/span><\/p>\n<ul>\n<li>R\u00e9vision et <strong>approfondissemen<\/strong>t du protocole<strong> humain\u00a0<\/strong><\/li>\n<li><strong>Protocole court\u00a0<\/strong>pour les situations d\u2019urgence\u00a0: comment faire un soin sans table<\/li>\n<li>\u00c9largir notre champ de conscience \u00e0 la nature, <strong>exp\u00e9rimenter<\/strong> <strong>un soin avec les arbres.<\/strong><\/li>\n<\/ul>\n<p>&nbsp;<\/p>\n<p style=\"text-align: center;\"><a href=\"https:\/\/fabienne-weber.be\/index.php\/formation-liberation-du-pericarde-humain\/\">. . . + info&rsquo;s . . .<\/a><\/p>\n<p>&nbsp;<\/p>\n<hr \/>\n<h2><span style=\"color: #800000;\"><strong><u>2. Lib\u00e9ration du P\u00e9ricarde Humain et Animaux<br \/>\n<\/u><\/strong><strong>\u00a0 \u00a0 par Fabienne Weber et Claire Daliers<\/strong><\/span><\/h2>\n<p><strong>Pour cette formation aucun pr\u00e9 requis n\u2019est demand\u00e9, elle s\u2019adresse aux praticiens et aux personnes d\u00e9sireuses de se reconnecter avec le c\u0153ur. Je vous recommande de recevoir au moins un soin de Lib\u00e9ration du P\u00e9ricarde avant la formation pour ressentir la puissance de celui-ci.<\/strong><\/p>\n<p><span style=\"color: #800000;\"><strong>OBJECTIFS DE LA FORMATION<\/strong><\/span><strong><span style=\"color: #800000;\">\u00a0<\/span> &#8211;\u00a0<span style=\"color: #333333;\">\u00a06\u00a0JOURS<\/span><\/strong><\/p>\n<ul>\n<li>Apprendre une <strong>m\u00e9thode de soins magnifique <\/strong><\/li>\n<li>R\u00e9apprendre \u00e0 <strong>sentir La vie<\/strong>, La respecter et L\u2019accompagner dans sa lib\u00e9ration. La reconna\u00eetre en nous et en tous les Etres vivants.<\/li>\n<li><strong>Se familiariser<\/strong> par le toucher, <strong>\u00e0 la danse de La Vie<\/strong>, et aux param\u00e8tres qui la caract\u00e9risent: direction, amplitude, rythme et ordre.<\/li>\n<li><strong>Lib\u00e9rer le P\u00e9ricarde<\/strong> comme porte d\u2019entr\u00e9e principale des \u00e9motions et le lieu de rencontre sp\u00e9cifique entre le Corps, l\u2019\u00c2me et l\u2019Esprit. Le lib\u00e9rer avec nos mains, notre pr\u00e9sence, nos mots et avec l\u2019\u00e9nergie de notre C\u0153ur. Nous verrons comment d\u00e9nouer les blocages et permettre \u00e0 nouveau \u00e0 l\u2019\u00e9nergie vitale de circuler librement.<\/li>\n<li><strong>Apprendre <\/strong>\u00e0 avoir<strong> un bon ancrage<\/strong> et \u00e0 nous <strong>prot\u00e9ger<\/strong>. Il est important de ne pas prendre les probl\u00e8mes \u00e9nerg\u00e9tiques des autres ni de transmettre les n\u00f4tres.<\/li>\n<li>Rencontrer <strong>les guides<\/strong> et les mots de force, pour les <strong>humains<\/strong> et les <strong>animaux.<\/strong><\/li>\n<li>Nous exp\u00e9rimenterons <strong>un soin<\/strong> sur un <strong>chien.<\/strong><\/li>\n<li>comment faire un<strong> soin \u00e0 distance.<\/strong><\/li>\n<li>Apprendre \u00e0 ressentir les \u00e9nergies d&rsquo;un <strong>lieu<\/strong> et pouvoir <strong>l&rsquo;harmoniser.<\/strong><\/li>\n<\/ul>\n<p>Apr\u00e8s cette formation vous pourrez adapter ce soin \u00e0 tous les \u00eatres vivants.<\/p>\n<h4><span style=\"color: #800000;\"><strong><u>Approfondissement<\/u><\/strong><strong><u>:<\/u><\/strong><\/span><strong><span style=\"color: #800000;\">\u00a0<\/span><\/strong><\/h4>\n<p><span style=\"color: #800000;\"><strong>OBJECTIFS<\/strong><strong>\u00a0 DE LA FORMATION <span style=\"color: #333333;\">&#8211;<\/span>\u00a0<span style=\"color: #333333;\"> 2 JOURS<\/span><\/strong><\/span><\/p>\n<ul>\n<li>\u00c9largir notre champ de conscience \u00e0 la nature,\u00a0<strong>exp\u00e9rimenter <\/strong><strong>un soin avec les arbres<\/strong><\/li>\n<li>R\u00e9vision et\u00a0<strong>approfondissemen<\/strong>t du protocole <strong>humains,<\/strong>\u00a0<strong>chevaux et Chiens<\/strong><\/li>\n<li><strong>Protocole court <\/strong>pour les situations d\u2019urgence\u00a0: comment faire un soin sans table<\/li>\n<li>Initiation \u00e0 la\u00a0<strong>communication extrasensorielle<\/strong> avec les animaux.<\/li>\n<\/ul>\n<p>&nbsp;<\/p>\n<p style=\"text-align: center;\"><a href=\"https:\/\/fabienne-weber.be\/index.php\/soins\/la-liberation-du-pericarde-animal\/\">. . . + info&rsquo;s . . .<\/a><\/p>\n<p>&nbsp;<\/p>\n<p style=\"text-align: center;\"><img decoding=\"async\" loading=\"lazy\" class=\"size-full wp-image-1669 aligncenter\" src=\"https:\/\/fabienne-weber.be\/wp-content\/uploads\/2022\/12\/slideFormChien-1024x454-1.jpg\" alt=\"\" width=\"1024\" height=\"454\" srcset=\"https:\/\/fabienne-weber.be\/wp-content\/uploads\/2022\/12\/slideFormChien-1024x454-1.jpg 1024w, https:\/\/fabienne-weber.be\/wp-content\/uploads\/2022\/12\/slideFormChien-1024x454-1-300x133.jpg 300w, https:\/\/fabienne-weber.be\/wp-content\/uploads\/2022\/12\/slideFormChien-1024x454-1-768x341.jpg 768w\" sizes=\"(max-width: 1024px) 100vw, 1024px\" \/><\/p>\n<p>&nbsp;<\/p>\n<hr \/>\n<p>&nbsp;<\/p>\n<p style=\"text-align: center;\"><a href=\"http:\/\/fabienne-weber.be\/index.php\/les-dernieres-nouvelles\/\">=&gt; AGENDA des formations, conf\u00e9rences, \u00e9v\u00e9nements<\/a><\/p>\n<p>&nbsp;<\/p>\n","protected":false},"excerpt":{"rendered":"<p>FORMATIONS &nbsp; PROGRAMMES ET OBJECTIFS DES FORMATIONS La lib\u00e9ration du p\u00e9ricarde ne demande pas de pr\u00e9-requis mais je vous recommande de recevoir au moins un soin de Lib\u00e9ration du P\u00e9ricarde avant la formation pour ressentir la puissance de celui-ci. La &hellip; <a href=\"https:\/\/fabienne-weber.be\/index.php\/formations\/\">Lire la suite\u00ad\u00ad<\/a><\/p>\n","protected":false},"author":1,"featured_media":0,"parent":0,"menu_order":0,"comment_status":"closed","ping_status":"closed","template":"","meta":{"kt_blocks_editor_width":""},"_links":{"self":[{"href":"https:\/\/fabienne-weber.be\/index.php\/wp-json\/wp\/v2\/pages\/76"}],"collection":[{"href":"https:\/\/fabienne-weber.be\/index.php\/wp-json\/wp\/v2\/pages"}],"about":[{"href":"https:\/\/fabienne-weber.be\/index.php\/wp-json\/wp\/v2\/types\/page"}],"author":[{"embeddable":true,"href":"https:\/\/fabienne-weber.be\/index.php\/wp-json\/wp\/v2\/users\/1"}],"replies":[{"embeddable":true,"href":"https:\/\/fabienne-weber.be\/index.php\/wp-json\/wp\/v2\/comments?post=76"}],"version-history":[{"count":179,"href":"https:\/\/fabienne-weber.be\/index.php\/wp-json\/wp\/v2\/pages\/76\/revisions"}],"predecessor-version":[{"id":1689,"href":"https:\/\/fabienne-weber.be\/index.php\/wp-json\/wp\/v2\/pages\/76\/revisions\/1689"}],"wp:attachment":[{"href":"https:\/\/fabienne-weber.be\/index.php\/wp-json\/wp\/v2\/media?parent=76"}],"curies":[{"name":"wp","href":"https:\/\/api.w.org\/{rel}","templated":true}]}}