{"id":545,"date":"2018-06-17T09:58:00","date_gmt":"2018-06-17T07:58:00","guid":{"rendered":"http:\/\/fabienne-weber.be\/?page_id=545"},"modified":"2026-04-01T20:18:25","modified_gmt":"2026-04-01T18:18:25","slug":"les-dernieres-nouvelles","status":"publish","type":"page","link":"https:\/\/fabienne-weber.be\/index.php\/les-dernieres-nouvelles\/","title":{"rendered":"Les derni\u00e8res nouvelles"},"content":{"rendered":"<h2 style=\"text-align: center;\"><strong>AGENDA<\/strong><\/h2>\n<h3><strong>INFOS PRATIQUES<\/strong><\/h3>\n<h4><strong><u><img decoding=\"async\" loading=\"lazy\" src=\"https:\/\/fabienne-weber.be\/wp-content\/uploads\/2019\/06\/p1.png\" alt=\"\" width=\"25\" height=\"25\" \/><\/u><\/strong><strong><u><a href=\"https:\/\/fabienne-weber.be\/index.php\/activites\/formations\/\"><span style=\"color: #800000;\">Formation : Lib\u00e9ration du P\u00e9ricarde<\/span>\u00a0<\/a><\/u><\/strong><strong><u>humains &amp; animaux<\/u><\/strong><\/h4>\n<p><strong><u>Les 9, 10, 11 et 16, 17, 18 octobre 2026<\/u><\/strong><strong>\u00a0 6 jours : 870\u20ac\u00a0<\/strong><\/p>\n<p>Lieu:\u00a0<strong>Sombreffe\u00a0<\/strong><\/p>\n<h4><strong><u><img decoding=\"async\" loading=\"lazy\" src=\"http:\/\/fabienne-weber.be\/wp-content\/uploads\/2019\/06\/p1.png\" alt=\"\" width=\"25\" height=\"25\" \/><span style=\"color: #800000;\">Pr\u00e9sentation suivie d&rsquo;une m\u00e9ditation:<\/span><\/u><\/strong><\/h4>\n<h4><strong><span style=\"color: #800000;\">La Lib\u00e9ration du C\u0153ur\/P\u00e9ricarde<\/span> <\/strong><strong>humains &amp; animaux<\/strong><\/h4>\n<p><strong><span style=\"color: #800000;\">\u00ab\u00a0A la rencontre du P\u00e9ricarde et de la puissance du C\u0153ur\u00a0\u00bb<\/span><\/strong><\/p>\n<p><strong><u>Le samedi 14 \u00e0 15h45 et le dimanche 15 \u00e0 12h septembre 2025<\/u><\/strong><\/p>\n<p>Lieu: <strong>Sombreffe<\/strong><\/p>\n<h4><strong><u><img decoding=\"async\" loading=\"lazy\" src=\"http:\/\/fabienne-weber.be\/wp-content\/uploads\/2019\/06\/p1.png\" alt=\"\" width=\"25\" height=\"25\" \/><\/u><\/strong><strong><u><a style=\"color: #800000;\" href=\"https:\/\/fabienne-weber.be\/index.php\/activites\/formations\/\">Formation : <span style=\"color: #800000;\">Lib\u00e9ration<\/span> du P\u00e9ricarde <\/a><\/u><\/strong><strong><u>humains<\/u><\/strong><\/h4>\n<p><strong><u>Les 10, 11, 12 et 18, 19 janvier 2025<\/u><\/strong><strong>\u00a0 5 jours : 700\u20ac\u00a0<\/strong><\/p>\n<hr \/>\n","protected":false},"excerpt":{"rendered":"<p>AGENDA INFOS PRATIQUES Formation : Lib\u00e9ration du P\u00e9ricarde\u00a0humains &amp; animaux Les 9, 10, 11 et 16, 17, 18 octobre 2026\u00a0 6 jours : 870\u20ac\u00a0 Lieu:\u00a0Sombreffe\u00a0 Pr\u00e9sentation suivie d&rsquo;une m\u00e9ditation: La Lib\u00e9ration du C\u0153ur\/P\u00e9ricarde humains &amp; animaux \u00ab\u00a0A la rencontre du &hellip; <a href=\"https:\/\/fabienne-weber.be\/index.php\/les-dernieres-nouvelles\/\">Lire la suite\u00ad\u00ad<\/a><\/p>\n","protected":false},"author":1,"featured_media":346,"parent":0,"menu_order":0,"comment_status":"closed","ping_status":"closed","template":"","meta":{"kt_blocks_editor_width":""},"_links":{"self":[{"href":"https:\/\/fabienne-weber.be\/index.php\/wp-json\/wp\/v2\/pages\/545"}],"collection":[{"href":"https:\/\/fabienne-weber.be\/index.php\/wp-json\/wp\/v2\/pages"}],"about":[{"href":"https:\/\/fabienne-weber.be\/index.php\/wp-json\/wp\/v2\/types\/page"}],"author":[{"embeddable":true,"href":"https:\/\/fabienne-weber.be\/index.php\/wp-json\/wp\/v2\/users\/1"}],"replies":[{"embeddable":true,"href":"https:\/\/fabienne-weber.be\/index.php\/wp-json\/wp\/v2\/comments?post=545"}],"version-history":[{"count":152,"href":"https:\/\/fabienne-weber.be\/index.php\/wp-json\/wp\/v2\/pages\/545\/revisions"}],"predecessor-version":[{"id":1763,"href":"https:\/\/fabienne-weber.be\/index.php\/wp-json\/wp\/v2\/pages\/545\/revisions\/1763"}],"wp:featuredmedia":[{"embeddable":true,"href":"https:\/\/fabienne-weber.be\/index.php\/wp-json\/wp\/v2\/media\/346"}],"wp:attachment":[{"href":"https:\/\/fabienne-weber.be\/index.php\/wp-json\/wp\/v2\/media?parent=545"}],"curies":[{"name":"wp","href":"https:\/\/api.w.org\/{rel}","templated":true}]}}