{"id":503,"date":"2017-11-25T18:07:48","date_gmt":"2017-11-25T17:07:48","guid":{"rendered":"http:\/\/fabienne-weber.be\/?page_id=503"},"modified":"2022-12-23T00:22:23","modified_gmt":"2022-12-22T23:22:23","slug":"conferences","status":"publish","type":"page","link":"https:\/\/fabienne-weber.be\/index.php\/conferences\/","title":{"rendered":"Conf\u00e9rences"},"content":{"rendered":"<p style=\"text-align: center;\"><img decoding=\"async\" loading=\"lazy\" class=\"size-full wp-image-832 aligncenter\" src=\"https:\/\/fabienne-weber.be\/wp-content\/uploads\/2019\/05\/slide00.jpg\" alt=\"\" width=\"1024\" height=\"454\" srcset=\"https:\/\/fabienne-weber.be\/wp-content\/uploads\/2019\/05\/slide00.jpg 1024w, https:\/\/fabienne-weber.be\/wp-content\/uploads\/2019\/05\/slide00-300x133.jpg 300w, https:\/\/fabienne-weber.be\/wp-content\/uploads\/2019\/05\/slide00-768x341.jpg 768w\" sizes=\"(max-width: 1024px) 100vw, 1024px\" \/><\/p>\n<p style=\"text-align: center;\">CONF\u00c9RENCES<\/p>\n<p>&nbsp;<\/p>\n<p><strong>Conf\u00e9rence<\/strong> &#8211; Salon du Cheval WEX 2019 \u00e0 Libramont Le 20 avril 2019 \u00e0 11h30 \u00ab La Lib\u00e9ration du P\u00e9ricarde pour les chevaux et tous les \u00eatre vivants &#8211; Sa puissance &#8211; Ses secrets \u00bb\u00a0\u00bb title_text=\u00a0\u00bbLe 20 avril \u00ab La Lib\u00e9ration du P\u00e9ricarde pour les chevaux et tous les \u00eatre vivants &#8211; Sa puissance &#8211; Ses secrets \u00bb au Salon du Cheval WEX 2019 \u00e0 Libramont<\/p>\n<p>&nbsp;<\/p>\n<hr \/>\n<p>&nbsp;<\/p>\n<p style=\"text-align: center;\"><img decoding=\"async\" loading=\"lazy\" class=\"size-full wp-image-1304 aligncenter\" src=\"https:\/\/fabienne-weber.be\/wp-content\/uploads\/2020\/01\/photo-conf-2.jpg\" alt=\"\" width=\"633\" height=\"493\" srcset=\"https:\/\/fabienne-weber.be\/wp-content\/uploads\/2020\/01\/photo-conf-2.jpg 633w, https:\/\/fabienne-weber.be\/wp-content\/uploads\/2020\/01\/photo-conf-2-300x234.jpg 300w\" sizes=\"(max-width: 633px) 100vw, 633px\" \/><\/p>\n<p>&nbsp;<\/p>\n<p><strong><span style=\"color: #800000;\">Conf\u00e9rence le jeudi 20 f\u00e9vrier \u00e0 19h30<\/span><\/strong><\/p>\n<p>Anne Thiebauld, Equireliance, et Fabienne Weber, th\u00e9rapeute et formatrice viendront vous parler de la M\u00e9thode de Lib\u00e9ration du P\u00e9ricarde qui peut s\u2019appliquer \u00e0 tous les \u00eatres vivants, humains et animaux.<\/p>\n<p>Le p\u00e9ricarde est l\u2019enveloppe qui soutient et prot\u00e8ge le c\u0153ur, physiquement, \u00e9motionnellement et spirituellement. Apr\u00e8s un soin, le p\u00e9ricarde se lib\u00e8re de ses tensions, l\u2019\u00e9nergie circule \u00e0 nouveau et nous retrouvons plus de clart\u00e9 dans notre c\u0153ur et notre vie.<\/p>\n<p>Accueil \u00e0 partir de 19h &#8211; PAF : 10 euros &#8211; R\u00e9servation\u00a0: <a href=\"mailto:info@equireliance.com\">info@equireliance.com<\/a> &#8211; 0479 63 92 49<\/p>\n<p>Lieu : Le centre Les Sources &#8211; Rue Kelle 48 &#8211; 1200 Bruxelles<\/p>\n<p>&nbsp;<\/p>\n<hr \/>\n<p>&nbsp;<\/p>\n<p style=\"text-align: center;\"><img decoding=\"async\" loading=\"lazy\" class=\"size-full wp-image-1444 aligncenter\" src=\"https:\/\/fabienne-weber.be\/wp-content\/uploads\/2022\/11\/IMG_20221105_135817_518.jpg\" alt=\"\" width=\"956\" height=\"500\" srcset=\"https:\/\/fabienne-weber.be\/wp-content\/uploads\/2022\/11\/IMG_20221105_135817_518.jpg 956w, https:\/\/fabienne-weber.be\/wp-content\/uploads\/2022\/11\/IMG_20221105_135817_518-300x157.jpg 300w, https:\/\/fabienne-weber.be\/wp-content\/uploads\/2022\/11\/IMG_20221105_135817_518-768x402.jpg 768w\" sizes=\"(max-width: 956px) 100vw, 956px\" \/><\/p>\n<p>&nbsp;<\/p>\n<p><strong><span style=\"color: #800000;\">Conf\u00e9rence le 13 novembre 2022<\/span><\/strong><\/p>\n<p><strong>A 11h30:<\/strong> Lib\u00e9ration C\u0153ur\/p\u00e9ricarde pour les humains &amp; les animaux<\/p>\n<p>Lieu: <strong>Ferme de Mont saint Jean<\/strong><\/p>\n<p>&nbsp;<\/p>\n","protected":false},"excerpt":{"rendered":"<p>CONF\u00c9RENCES &nbsp; Conf\u00e9rence &#8211; Salon du Cheval WEX 2019 \u00e0 Libramont Le 20 avril 2019 \u00e0 11h30 \u00ab La Lib\u00e9ration du P\u00e9ricarde pour les chevaux et tous les \u00eatre vivants &#8211; Sa puissance &#8211; Ses secrets \u00bb\u00a0\u00bb title_text=\u00a0\u00bbLe 20 avril &hellip; <a href=\"https:\/\/fabienne-weber.be\/index.php\/conferences\/\">Lire la suite\u00ad\u00ad<\/a><\/p>\n","protected":false},"author":1,"featured_media":0,"parent":0,"menu_order":0,"comment_status":"closed","ping_status":"closed","template":"","meta":{"kt_blocks_editor_width":""},"_links":{"self":[{"href":"https:\/\/fabienne-weber.be\/index.php\/wp-json\/wp\/v2\/pages\/503"}],"collection":[{"href":"https:\/\/fabienne-weber.be\/index.php\/wp-json\/wp\/v2\/pages"}],"about":[{"href":"https:\/\/fabienne-weber.be\/index.php\/wp-json\/wp\/v2\/types\/page"}],"author":[{"embeddable":true,"href":"https:\/\/fabienne-weber.be\/index.php\/wp-json\/wp\/v2\/users\/1"}],"replies":[{"embeddable":true,"href":"https:\/\/fabienne-weber.be\/index.php\/wp-json\/wp\/v2\/comments?post=503"}],"version-history":[{"count":59,"href":"https:\/\/fabienne-weber.be\/index.php\/wp-json\/wp\/v2\/pages\/503\/revisions"}],"predecessor-version":[{"id":1575,"href":"https:\/\/fabienne-weber.be\/index.php\/wp-json\/wp\/v2\/pages\/503\/revisions\/1575"}],"wp:attachment":[{"href":"https:\/\/fabienne-weber.be\/index.php\/wp-json\/wp\/v2\/media?parent=503"}],"curies":[{"name":"wp","href":"https:\/\/api.w.org\/{rel}","templated":true}]}}