{"id":500,"date":"2017-11-25T18:05:46","date_gmt":"2017-11-25T17:05:46","guid":{"rendered":"http:\/\/fabienne-weber.be\/?page_id=500"},"modified":"2022-12-29T15:43:14","modified_gmt":"2022-12-29T14:43:14","slug":"ateliers","status":"publish","type":"page","link":"https:\/\/fabienne-weber.be\/index.php\/ateliers\/","title":{"rendered":"Ateliers"},"content":{"rendered":"<p style=\"text-align: center;\">\n<p style=\"text-align: center;\"><img decoding=\"async\" loading=\"lazy\" class=\"size-full wp-image-1668 aligncenter\" src=\"https:\/\/fabienne-weber.be\/wp-content\/uploads\/2022\/12\/slideForm-1024x454-1.jpg\" alt=\"\" width=\"1024\" height=\"454\" srcset=\"https:\/\/fabienne-weber.be\/wp-content\/uploads\/2022\/12\/slideForm-1024x454-1.jpg 1024w, https:\/\/fabienne-weber.be\/wp-content\/uploads\/2022\/12\/slideForm-1024x454-1-300x133.jpg 300w, https:\/\/fabienne-weber.be\/wp-content\/uploads\/2022\/12\/slideForm-1024x454-1-768x341.jpg 768w\" sizes=\"(max-width: 1024px) 100vw, 1024px\" \/><\/p>\n<p style=\"text-align: center;\">ATELIERS<\/p>\n<p>&nbsp;<\/p>\n<h3 style=\"text-align: center;\"><strong>Programmes et objectifs des Formations<\/strong><\/h3>\n<p>&nbsp;<\/p>\n<p><span style=\"color: #993300;\"><strong>PROGRAMMES DES ATELIERS<\/strong><\/span><\/p>\n<p>&nbsp;<\/p>\n<p><span style=\"color: #993300;\"><strong><u>ATELIER: INTRODUCTION A LA LIBERATION DU PERICARDE<\/u><\/strong><\/span><\/p>\n<p>&nbsp;<\/p>\n<div class=\"post j-blog-content\">\n<div id=\"cc-matrix-3185653797\">\n<div id=\"cc-m-11623140197\" class=\"j-module n j-header \">\n<p>Contenu de l\u2019atelier :<br \/>\n* R\u00e9apprendre \u00e0 sentir la Vie et la reconna\u00eetre par ses param\u00e8tres: direction, amplitude, ordre et rythme.<br \/>\n* Comment utiliser l\u2019\u00e9nergie du C\u0153ur, r\u00e9activer l\u2019\u00e9nergie de nos mains ; Nous sommes tous Merlin !<br \/>\n* Comment se lib\u00e9rer le P\u00e9ricarde soi-m\u00eame.<br \/>\n* Apprendre \u00e0 avoir un bon ancrage et \u00e0 nous prot\u00e9ger. Il est important de ne pas prendre les probl\u00e8mes \u00e9nerg\u00e9tiques des autres ni de transmettre les n\u00f4tres.<\/p>\n<p><span style=\"color: #333333;\"><strong>Anim\u00e9 par <em>Fabienne Weber<\/em><\/strong><\/span><\/p>\n<p><span style=\"color: #000000;\"><strong><u>Le 24 avril 2022<\/u><\/strong><\/span><strong><span style=\"color: #000000;\"> \u00e0 Uccle<\/span> de 9h30 \u00e0 16h30 \u2013 prix : 110\u20ac<\/strong><\/p>\n<p>L\u2019inscription se fait par mail ou t\u00e9l\u00e9phone et sera confirm\u00e9e par le paiement d\u2019un acompte de 60 euros sur le compte de Fabienne Weber<\/p>\n<p>Plus d\u2019infos sur le contenu: fweberpericarde@gmail.com<\/p>\n<p>&nbsp;<\/p>\n<p><strong><span style=\"color: #000000;\"> <u>Le dimanche 28 mars 2021<\/u><\/span>\u00a0<\/strong>de 10h \u00e0 17h\u00a0chez Verts de Terre asbl <strong><span style=\"color: #000000;\">\u00e0 Tervueren<\/span><\/strong> : <strong>110\u20ac<\/strong><\/p>\n<p>Lieu: Aardeweg \u2013 3080 Tervuren<em> &#8211;<\/em>\u00a0 info@vertsdeterre.<wbr \/>be ou 0475 475 958<\/p>\n<p>L&rsquo;inscription est confirm\u00e9e par le paiement d&rsquo;un acompte de 60 euros sur le compte de<\/p>\n<p>Fabienne Weber, Avenue du Vossegat 12\/1 &#8211; 1180 Bruxelles.<\/p>\n<p>IBAN : BE09 0017 8300 1557 &#8211; Bic : GEBABEBB\u00a0 &#8211;\u00a0 Communication : atelier p\u00e9ricarde Mai 2020<\/p>\n<p>&nbsp;<\/p>\n<\/div>\n<\/div>\n<div id=\"cc-matrix-3185653797\">\n<div id=\"cc-m-11623140197\" class=\"j-module n j-header \">\n<p>&nbsp;<\/p>\n<\/div>\n<\/div>\n<\/div>\n<p style=\"text-align: center;\"><img decoding=\"async\" loading=\"lazy\" class=\"size-full wp-image-525 aligncenter\" src=\"https:\/\/fabienne-weber.be\/wp-content\/uploads\/2017\/12\/enfants.jpg\" alt=\"\" width=\"991\" height=\"308\" srcset=\"https:\/\/fabienne-weber.be\/wp-content\/uploads\/2017\/12\/enfants.jpg 991w, https:\/\/fabienne-weber.be\/wp-content\/uploads\/2017\/12\/enfants-300x93.jpg 300w, https:\/\/fabienne-weber.be\/wp-content\/uploads\/2017\/12\/enfants-768x239.jpg 768w\" sizes=\"(max-width: 991px) 100vw, 991px\" \/><\/p>\n<p style=\"text-align: center;\">ATELIERS<\/p>\n<p style=\"text-align: center;\">POUR<\/p>\n<p style=\"text-align: center;\">ENFANTS<\/p>\n<p>&nbsp;<\/p>\n<h3 style=\"text-align: center;\">Programmes et objectifs des Formations<\/h3>\n<p>&nbsp;<\/p>\n<p><span style=\"color: #993300;\"><strong>PROGRAMMES ET OBJECTIFS DES ATELIERS<\/strong><\/span><\/p>\n<p>&nbsp;<\/p>\n<p><strong><span style=\"color: #993300;\"><u>ATELIER POUR LES ENFANTS<\/u><\/span><\/strong><\/p>\n<p>&nbsp;<\/p>\n<p><span style=\"color: #003366;\">\u00ab\u00a0Nous sommes tous Merlin, nous sommes remplis de magie\u00a0\u00bb<\/span><\/p>\n<p><span style=\"color: #003366;\">\u2022 Ouverture \u00e0 la joie et \u00e0 la magie de la vie.<\/span><br \/>\n<span style=\"color: #003366;\"> \u2022 Permettre aux enfants d\u2019avoir tous les outils pour \u00eatre heureux.<\/span><br \/>\n<span style=\"color: #003366;\"> \u2022 Travailler leur confiance et leurs croyances sur la beaut\u00e9 de qui ils sont<\/span><br \/>\n<span style=\"color: #003366;\"> \u2022 Sensibiliser les enfants \u00e0 leur perception d\u2019\u00e9nergie avec tout ce qui nous entoure: les \u00eatres humains, les animaux, la nature.<\/span><\/p>\n<p><span style=\"color: #003366;\">Nous utiliserons les outils de m\u00e9ditation, bols tib\u00e9tains, pierres, danse, chant &#8230;<\/span><\/p>\n<p><span style=\"color: #003366;\">de 6 \u00e0 10 ans <strong><u>le 4 novembre 2018<\/u><\/strong> \u00e0 Sombreffe (rue des Bruy\u00e8res 57)<\/span><br \/>\n<span style=\"color: #003366;\">de 8 \u00e0 12 ans <strong><u>le 27 janvier 2019<\/u><\/strong> \u00e0 Sombreffe (rue des Bruy\u00e8res 57)<\/span><\/p>\n<p><span style=\"color: #003366;\"><strong>Horaire : 9h30 \u00e0 12h30 : 25\u20ac<\/strong><\/span><br \/>\n<span style=\"color: #003366;\"> <strong> Anim\u00e9 par <em>Fabienne Weber<\/em><\/strong><\/span><\/p>\n<p><span style=\"color: #003366;\">Coorganisatrice: Claire Daliers 0475 57 23 08 claire@equinergie.be<\/span><br \/>\n<span style=\"color: #003366;\">www.equinergie.be<\/span><\/p>\n<p>&nbsp;<\/p>\n<p>&nbsp;<\/p>\n","protected":false},"excerpt":{"rendered":"<p>ATELIERS &nbsp; Programmes et objectifs des Formations &nbsp; PROGRAMMES DES ATELIERS &nbsp; ATELIER: INTRODUCTION A LA LIBERATION DU PERICARDE &nbsp; Contenu de l\u2019atelier : * R\u00e9apprendre \u00e0 sentir la Vie et la reconna\u00eetre par ses param\u00e8tres: direction, amplitude, ordre et &hellip; <a href=\"https:\/\/fabienne-weber.be\/index.php\/ateliers\/\">Lire la suite\u00ad\u00ad<\/a><\/p>\n","protected":false},"author":1,"featured_media":0,"parent":0,"menu_order":0,"comment_status":"closed","ping_status":"closed","template":"","meta":{"kt_blocks_editor_width":""},"_links":{"self":[{"href":"https:\/\/fabienne-weber.be\/index.php\/wp-json\/wp\/v2\/pages\/500"}],"collection":[{"href":"https:\/\/fabienne-weber.be\/index.php\/wp-json\/wp\/v2\/pages"}],"about":[{"href":"https:\/\/fabienne-weber.be\/index.php\/wp-json\/wp\/v2\/types\/page"}],"author":[{"embeddable":true,"href":"https:\/\/fabienne-weber.be\/index.php\/wp-json\/wp\/v2\/users\/1"}],"replies":[{"embeddable":true,"href":"https:\/\/fabienne-weber.be\/index.php\/wp-json\/wp\/v2\/comments?post=500"}],"version-history":[{"count":79,"href":"https:\/\/fabienne-weber.be\/index.php\/wp-json\/wp\/v2\/pages\/500\/revisions"}],"predecessor-version":[{"id":1673,"href":"https:\/\/fabienne-weber.be\/index.php\/wp-json\/wp\/v2\/pages\/500\/revisions\/1673"}],"wp:attachment":[{"href":"https:\/\/fabienne-weber.be\/index.php\/wp-json\/wp\/v2\/media?parent=500"}],"curies":[{"name":"wp","href":"https:\/\/api.w.org\/{rel}","templated":true}]}}